{"id":3,"date":"2020-02-21T21:09:35","date_gmt":"2020-02-21T20:09:35","guid":{"rendered":"https:\/\/codelando.pl\/tapas\/?page_id=3"},"modified":"2020-03-01T21:16:41","modified_gmt":"2020-03-01T20:16:41","slug":"polityka-prywatnosci","status":"publish","type":"page","link":"https:\/\/bistrocafetapas.pl\/sklep\/polityka-prywatnosci\/","title":{"rendered":"Polityka prywatno\u015bci"},"content":{"rendered":"\n<h4>Korzystaj\u0105c z naszej strony internetowej, U\u017cytkownik o\u015bwiadcza, \u017ce zapozna\u0142 si\u0119 z nasz\u0105 polityk\u0105 prywatno\u015bci i wyra\u017ca na ni\u0105 zgod\u0119.<\/h4>\n\n\n\n<p><strong>1. Informacja dotycz\u0105ca Administratora<\/strong><\/p>\n\n\n\n<p>Administratorem w rozumieniu art. 4 pkt 7 Rozporz\u0105dzenia Parlamentu Europejskiego i Rady (UE) 2016\/679 z dnia 27 kwietnia 2016 r. w sprawie ochrony os\u00f3b fizycznych w zwi\u0105zku z przetwarzaniem danych osobowych i w sprawie swobodnego przep\u0142ywu takich danych oraz uchylenia dyrektywy 95\/46\/WE (dalej: \u201eRODO\u201d) w odniesieniu do Pa\u0144stwa danych jest BISTRO CAFE&amp;TAPAS  Rynek 3 63-700 Krotoszyn <\/p>\n\n\n\n<p> BISTRO CAFE&amp;TAPAS  nie jest obj\u0119ty obowi\u0105zkiem powo\u0142ania Inspektora Ochrony Danych Osobowych, ani nie zosta\u0142 on powo\u0142any na zasadzie.<\/p>\n\n\n\n<p><strong>2. Zbieranie i przetwarzanie danych<\/strong><\/p>\n\n\n\n<p>Wszelkie informacje pochodz\u0105ce od u\u017cytkownik\u00f3w Serwisu (zwanych dalej \u201eU\u017cytkownikiem\u201d) s\u0105 gromadzone w spos\u00f3b opisany poni\u017cej.<\/p>\n\n\n\n<p>2.1. W momencie kiedy U\u017cytkownik otwiera i\/lub u\u017cywa strony internetowej, Administrator gromadzi nast\u0119puj\u0105ce dane:<\/p>\n\n\n\n<ul><li>rodzaj przegl\u0105darki,<\/li><li>odwiedzone podstrony w naszej witrynie,<\/li><li>rodzaj systemu operacyjnego,<\/li><li>adres IP lub skr\u00f3cony adres IP,<\/li><li>informacje dotycz\u0105ce odwiedzanej witryny, w tym adresu URL, \u015bcie\u017cki odwiedzin Serwisu (\u0142\u0105cznie z dat\u0105 i godzin\u0105), informacje o sieci U\u017cytkownika, takie jak dane o urz\u0105dzeniach, w\u0119z\u0142ach, konfiguracji, pr\u0119dko\u015bci po\u0142\u0105czenia oraz wydajno\u015bci aplikacji sieciowych; odwiedzanych lub wyszukiwanych stronach, czasach reakcji, b\u0142\u0119dach pobierania, d\u0142ugo\u015bci wizyt oraz informacje o tym, czy linki lub wiadomo\u015bci e-mail zosta\u0142y otworzone przez u\u017cytkownika.<\/li><\/ul>\n\n\n\n<p>Dane wskazane w niniejszym punkcie s\u0105 gromadzone i wykorzystywane w spos\u00f3b zanonimizowany, a przesy\u0142anie danych odbywa si\u0119 w spos\u00f3b zaszyfrowany to znaczy poprzez https.<\/p>\n\n\n\n<p><strong>3. Profilowanie<\/strong><\/p>\n\n\n\n<p>4.1 Dane U\u017cytkownik\u00f3w podlegaj\u0105 automatycznemu przetwarzaniu, kt\u00f3re polega na gromadzeniu danych, a nast\u0119pnie na ich analizowaniu i pozyskiwaniu w ten spos\u00f3b informacji pozwalaj\u0105cych Administratorowi na przegl\u0105d odwiedzin u\u017cytkownik\u00f3w na stronie.<\/p>\n\n\n\n<p><strong>4. Przechowywanie i odbiorcy danych osobowych<\/strong><\/p>\n\n\n\n<p>4.1. Zanonimizowane dane osobowe przekazywane s\u0105 do Google Inc. poprzez us\u0142ug\u0119 Google Analytics, dla cel\u00f3w statystycznych i analitycznych.<\/p>\n\n\n\n<p>4.2.  BISTRO CAFE&amp;TAPAS nigdy nie udziela ani nie sprzedaje osobistych informacji identyfikacyjnych innym firmom ani osobom prywatnym. Z zastrze\u017ceniem postanowie\u0144 wynikaj\u0105cych z RODO i w\u0142a\u015bciwych przepis\u00f3w, wymiana lub przekazanie danych osobowych mo\u017ce nast\u0119powa\u0107 wy\u0142\u0105cznie w nast\u0119puj\u0105cych ograniczonych okoliczno\u015bciach:<\/p>\n\n\n\n<p>a) za zgod\u0105 U\u017cytkownika;<\/p>\n\n\n\n<p>b) dostawcom oraz innym administratorom danych osobowych: wspieraj\u0105cym nasz\u0105 dzia\u0142alno\u015b\u0107, w tym IT i dostawcom us\u0142ug komunikacyjnych, pozyskiwanemu z zewn\u0105trz wsparciu biznesowemu, dostawcom us\u0142ug administracyjnych, podmiotom \u015bwiadcz\u0105cym us\u0142ugi serwisowe, instalatorskie, hotelarskie, podmiotom prowadz\u0105cym dzia\u0142alno\u015b\u0107 pocztow\u0105 lub kuriersk\u0105, a tak\u017ce przewozow\u0105 i spedycyjn\u0105, podmiotom prowadz\u0105cym dzia\u0142alno\u015b\u0107 p\u0142atnicz\u0105 (banki, instytucje p\u0142atnicze), organom i s\u0105dom w zakresie czynno\u015bci prowadzonych przez tymi organami lub s\u0105dami ;<\/p>\n\n\n\n<p>c) organom \u015bcigania i organom regulacyjnym lub innym kompetentnym organom zgodnie z wymogami prawnymi lub dobr\u0105 praktyk\u0105;<\/p>\n\n\n\n<p>d) Pa\u0144stwa firmie lub organizacji: w odniesieniu do realizacji zawartej przez  BISTRO CAFE&amp;TAPAS umowy;<\/p>\n\n\n\n<p>e) dostawcom us\u0142ug weryfikacyjnych: tak aby\u015bmy mogli spe\u0142nia\u0107 zobowi\u0105zania prawne zwi\u0105zane z zapobieganiem przest\u0119pczo\u015bci lub ochron\u0105 przed ni\u0105, praniem brudnych pieni\u0119dzy, weryfikacj\u0105 sankcji i innymi wymaganymi kontrolami.<\/p>\n\n\n\n<p>4.3 W zwi\u0105zku z globalizacja us\u0142ug elektronicznych (Internet), mo\u017cemy przechowywa\u0107 i przetwarza\u0107 dane osobowe zgromadzone na naszej stronie internetowej w ka\u017cdym kraju, w jakim nasi dostawcy us\u0142ug hostingowych utrzymuj\u0105 swoje systemy. Korzystaj\u0105c z naszych us\u0142ug w formie elektronicznej, U\u017cytkownik zgadza si\u0119 na przekazywanie swoich danych osobowych do takich podmiot\u00f3w, w\u0142\u0105cznie z tymi, kt\u00f3re zlokalizowane s\u0105 za granic\u0105.<\/p>\n\n\n\n<p><strong>5. Usuwanie danych osobowych<\/strong><\/p>\n\n\n\n<p>5.1. Dane U\u017cytkownik\u00f3w, kt\u00f3re zosta\u0142y zgromadzone w ramach us\u0142ugi Google Analytics usuwane s\u0105 w spos\u00f3b automatyczny po 50 miesi\u0105cach.<\/p>\n\n\n\n<p>5.2 Dane U\u017cytkownik\u00f3w b\u0119d\u0105 przechowywane przez Administratora przez nast\u0119puj\u0105cy okres:<\/p>\n\n\n\n<p>a) w przypadku, gdy podstaw\u0105 przetwarzania danych jest umowa zawarta z  BISTRO CAFE&amp;TAPAS  \u2013 przez ca\u0142y czas trwania tej umowy, a ponadto w zakresie dopuszczonym przez przepisy prawa w celu\u00a0 dochodzenia lub obrony przez  BISTRO CAFE&amp;TAPAS roszcze\u0144 oraz obrony przed roszczeniami \u2013 do up\u0142ywu okresu ich przedawnienia;<\/p>\n\n\n\n<p>b) w przypadku, gdy podstaw\u0105 przetwarzania jest danych U\u017cytkownika jest prawnie uzasadniony interes realizowany przez  BISTRO CAFE&amp;TAPAS \u2013 dane b\u0119d\u0105 przetwarzane tak d\u0142ugo, jak b\u0119d\u0105 niezb\u0119dne do cel\u00f3w, dla kt\u00f3rych s\u0105 one przetwarzane;<\/p>\n\n\n\n<p>c) w przypadku, gdy podstaw\u0105 przetwarzania danych osobowych jest&nbsp;udzielona przez U\u017cytkownika zgoda, dane b\u0119d\u0105 przetwarzane do chwili jej wycofania;<\/p>\n\n\n\n<p>d) w przypadku, gdy \u00a0podstaw\u0105 przetwarzania danych jest niezb\u0119dno\u015b\u0107 ich przetwarzania\u00a0 do wype\u0142nienia obowi\u0105zku prawnego ci\u0105\u017c\u0105cego na  BISTRO CAFE&amp;TAPAS , dane b\u0119d\u0105 przetwarzane tak d\u0142ugo, jak wymagaj\u0105 tego przepisy prawa.<\/p>\n\n\n\n<p>e) w przypadku, gdy podstaw\u0105 przetwarzania danych jest zgoda U\u017cytkownika, w razie jej wycofania, dane U\u017cytkownik\u00f3w b\u0119d\u0105 przetwarzane tylko w niezb\u0119dnym zakresie w celu\u00a0 dochodzenia lub obrony przez  BISTRO CAFE&amp;TAPAS roszcze\u0144 oraz obrony przed roszczeniami \u2013 do up\u0142ywu okresu ich przedawnienia.<\/p>\n\n\n\n<p><strong>6. Prawa U\u017cytkownik\u00f3w oraz bezpiecze\u0144stwo danych osobowych<\/strong><\/p>\n\n\n\n<p>6.1. U\u017cytkownikom, kt\u00f3rych dane dotycz\u0105 przys\u0142uguj\u0105 nast\u0119puj\u0105ce prawa:<\/p>\n\n\n\n<p>a) prawo dost\u0119pu do tre\u015bci swoich danych osobowych (z\u0142o\u017cenia wniosku o informacj\u0119 o przetwarzanych danych oraz uzyskania ich kopii, w tym kopii w\u0142asnych danych osobowych, kt\u00f3re s\u0105 przekazywane do pa\u0144stwa trzeciego) oraz prawo ich sprostowania (poprawienia), usuni\u0119cia danych przetwarzanych bezpodstawnie, ograniczenia przetwarzania (wstrzymania operacji na danych lub nieusuwania danych \u2013 stosownie do z\u0142o\u017conego wniosku), a tak\u017ce prawo do przenoszenia tych danych do innego administratora danych (w zakresie okre\u015blonym art. 20 RODO);<\/p>\n\n\n\n<p>b) prawo do cofni\u0119cia zgody na przetwarzanie danych osobowych w dowolnym momencie bez wp\u0142ywu na zgodno\u015b\u0107 z prawem przetwarzania, kt\u00f3rego dokonano na podstawie udzielonej zgody przed jej cofni\u0119ciem;<\/p>\n\n\n\n<p>6.2 U\u017cytkownikowi przys\u0142uguje r\u00f3wnie\u017c mo\u017cliwo\u015b\u0107 wniesienia skargi do Prezesa Urz\u0119du Ochrony Danych Osobowych w razie uznania, i\u017c przetwarzanie danych osobowych przez  BISTRO CAFE&amp;TAPAS narusza przepisy RODO.<\/p>\n\n\n\n<p>6.3 Zakres ka\u017cdego ze wskazanych wy\u017cej praw oraz sytuacje, w kt\u00f3rych mo\u017cna z nich skorzysta\u0107, wynikaj\u0105 z przepis\u00f3w prawa. Chroni\u0105c dane przed nieuprawnionym dost\u0119pem, Administrator mo\u017ce za\u017c\u0105da\u0107 dodatkowej identyfikacji osoby, kt\u00f3rej dane dotycz\u0105 lub dodatkowych informacji.<\/p>\n\n\n\n<p>6.4 Mo\u017cliwo\u015b\u0107 realizacji ka\u017cdego z wy\u017cej wymienionych praw wynika z obowi\u0105zuj\u0105cych przepis\u00f3w prawa np. zale\u017cy od podstawy prawnej przetwarzania danych oraz od celu ich przetwarzania.<\/p>\n\n\n\n<p><strong>7. Dane kontaktowe<\/strong><\/p>\n\n\n\n<p>Wszelkie \u017c\u0105dania, pro\u015bby, powiadomienia, zapytania dotycz\u0105ce przetwarzanych przez Administratora Pa\u0144stwa danych osobowych, w tym w zakresie dost\u0119pu do ich tre\u015bci, sposobu aktualizacji lub wycofania zgody na ich przetwarzanie, mog\u0105 Pa\u0144stwo kierowa\u0107 drog\u0105 mailow\u0105 na adres\u00a0 <a href=\"mailto:k.augustyniak@dw.iq.pl\">k.augustyniak@dw.iq.pl<\/a> <br><\/p>\n\n\n\n<p><\/p>\n","protected":false},"excerpt":{"rendered":"<p>Korzystaj\u0105c z naszej strony internetowej, U\u017cytkownik o\u015bwiadcza, \u017ce zapozna\u0142 si\u0119 z nasz\u0105 polityk\u0105 prywatno\u015bci i wyra\u017ca na ni\u0105 zgod\u0119. 1. Informacja dotycz\u0105ca Administratora Administratorem w rozumieniu art. 4 pkt 7 Rozporz\u0105dzenia Parlamentu Europejskiego i Rady (UE) 2016\/679 z dnia 27 kwietnia 2016 r. w sprawie ochrony os\u00f3b fizycznych w zwi\u0105zku z przetwarzaniem danych osobowych i [&hellip;]<\/p>\n","protected":false},"author":1,"featured_media":0,"parent":0,"menu_order":0,"comment_status":"closed","ping_status":"open","template":"page-templates\/no-sidebar.php","meta":[],"_links":{"self":[{"href":"https:\/\/bistrocafetapas.pl\/sklep\/wp-json\/wp\/v2\/pages\/3"}],"collection":[{"href":"https:\/\/bistrocafetapas.pl\/sklep\/wp-json\/wp\/v2\/pages"}],"about":[{"href":"https:\/\/bistrocafetapas.pl\/sklep\/wp-json\/wp\/v2\/types\/page"}],"author":[{"embeddable":true,"href":"https:\/\/bistrocafetapas.pl\/sklep\/wp-json\/wp\/v2\/users\/1"}],"replies":[{"embeddable":true,"href":"https:\/\/bistrocafetapas.pl\/sklep\/wp-json\/wp\/v2\/comments?post=3"}],"version-history":[{"count":2,"href":"https:\/\/bistrocafetapas.pl\/sklep\/wp-json\/wp\/v2\/pages\/3\/revisions"}],"predecessor-version":[{"id":150,"href":"https:\/\/bistrocafetapas.pl\/sklep\/wp-json\/wp\/v2\/pages\/3\/revisions\/150"}],"wp:attachment":[{"href":"https:\/\/bistrocafetapas.pl\/sklep\/wp-json\/wp\/v2\/media?parent=3"}],"curies":[{"name":"wp","href":"https:\/\/api.w.org\/{rel}","templated":true}]}}