{"id":316,"date":"2020-06-03T20:03:58","date_gmt":"2020-06-03T18:03:58","guid":{"rendered":"https:\/\/codelando.pl\/tapas\/?page_id=316"},"modified":"2020-10-03T10:49:47","modified_gmt":"2020-10-03T08:49:47","slug":"wysylka-zwroty","status":"publish","type":"page","link":"https:\/\/bistrocafetapas.pl\/sklep\/wysylka-zwroty\/","title":{"rendered":"Wysy\u0142ka \/ Zwroty"},"content":{"rendered":"\n<p class=\"has-text-align-center\"><strong>DOSTAWA<\/strong><\/p>\n\n\n\n<p>1. Dostawa Produkt\u00f3w jest ograniczona do obszaru granic Polski&nbsp; i odbywa si\u0119 pod adres wskazany przez Klienta w trakcie sk\u0142adania Zam\u00f3wienia.<\/p>\n\n\n\n<p>2. Dostawa zam\u00f3wionych Produkt\u00f3w odbywa si\u0119 \u015brodkiem transportowym organizowanym przez Sprzedawc\u0119 lub za po\u015brednictwem jednej z wybranych przez Sprzedawc\u0119 firm kurierskich. Sklep udost\u0119pnia swoim Klientom r\u00f3wnie\u017c mo\u017cliwo\u015b\u0107 bezp\u0142atnego odbioru osobistego Produktu w restauracji w godzinach jej pracy. Koszty dostawy wynosz\u0105:<\/p>\n\n\n\n<p>&#8211; przy zam\u00f3wieniu za co najmniej&nbsp; 35 z\u0142 \u2013 od 16.50 z\u0142 do 30 z\u0142 (po za terenem Krotoszyna)<\/p>\n\n\n\n<p>&#8211; przy zam\u00f3wieniu za co najmniej 35 z\u0142 \u2013 za darmo (na terenie Krotoszyna).<\/p>\n\n\n\n<p>3. Dostawa poza standardowy obszar dostawy okre\u015blony w pkt. III podpunkt 11. powy\u017cej wyceniana jest indywidualnie i zale\u017cy od wielko\u015bci oraz specyfikacji z\u0142o\u017conego zam\u00f3wienia.<\/p>\n\n\n\n<p>4. Czas realizacji zam\u00f3wienia jest uzale\u017cniony od liczby oczekuj\u0105cych zam\u00f3wie\u0144 i wynosi szacunkowo od 1 do 4 dni\u00a0 licz\u0105c od momentu potwierdzenia przez Sprzedaj\u0105cego z\u0142o\u017conego zam\u00f3wienia.<\/p>\n\n\n\n<p class=\"has-text-align-center\"><strong>REKLAMACJE<\/strong><\/p>\n\n\n\n<p>1. Sprzedawca odpowiada wobec Klienta b\u0119d\u0105cego konsumentem za niezgodno\u015b\u0107 z Umow\u0105 sprzeda\u017cy Produktu zakupionego przez tego konsumenta, w zakresie okre\u015blonym odpowiednimi przepisami.<\/p>\n\n\n\n<p>2. Reklamacje, wynikaj\u0105ce z naruszenia praw Klienta gwarantowanych prawnie, lub na podstawie niniejszego Regulaminu, nale\u017cy kierowa\u0107 na adres <a href=\"mailto:bistro@dw.iq.pl\">bistro@dw.iq.pl<\/a>. Sprzedawca zobowi\u0105zuje si\u0119 do rozpatrzenia ka\u017cdej reklamacji w terminie do 14 dni, a gdyby to nie by\u0142o mo\u017cliwe, do poinformowania w tym okresie Klienta, kiedy reklamacja zostanie rozpatrzona.<\/p>\n\n\n\n<p>3. W zg\u0142oszeniu reklamacyjnym nale\u017cy poda\u0107 imi\u0119 i nazwisko Klienta, kt\u00f3ry dokona\u0142 zakupu, adres e-mail, numer zam\u00f3wienia, informacja kt\u00f3rego Produktu dotyczy reklamacja, opis problemu wraz z ewentualn\u0105 dokumentacj\u0105 zdj\u0119ciow\u0105 (gdy Klient wysy\u0142a zg\u0142oszenie e-mailem).<\/p>\n\n\n\n<p>4. Sprzedawca podejmuje dzia\u0142ania w celu zapewnienia w pe\u0142ni poprawnego dzia\u0142ania Sklepu, w takim zakresie, jaki wynika z aktualnej wiedzy technicznej i zobowi\u0105zuje si\u0119 usun\u0105\u0107 w rozs\u0105dnym terminie wszelkie nieprawid\u0142owo\u015bci zg\u0142oszone przez Klient\u00f3w.<\/p>\n","protected":false},"excerpt":{"rendered":"<p>DOSTAWA 1. Dostawa Produkt\u00f3w jest ograniczona do obszaru granic Polski&nbsp; i odbywa si\u0119 pod adres wskazany przez Klienta w trakcie sk\u0142adania Zam\u00f3wienia. 2. Dostawa zam\u00f3wionych Produkt\u00f3w odbywa si\u0119 \u015brodkiem transportowym organizowanym przez Sprzedawc\u0119 lub za po\u015brednictwem jednej z wybranych przez Sprzedawc\u0119 firm kurierskich. Sklep udost\u0119pnia swoim Klientom r\u00f3wnie\u017c mo\u017cliwo\u015b\u0107 bezp\u0142atnego odbioru osobistego Produktu w restauracji [&hellip;]<\/p>\n","protected":false},"author":1,"featured_media":0,"parent":0,"menu_order":0,"comment_status":"closed","ping_status":"closed","template":"page-templates\/no-sidebar.php","meta":[],"_links":{"self":[{"href":"https:\/\/bistrocafetapas.pl\/sklep\/wp-json\/wp\/v2\/pages\/316"}],"collection":[{"href":"https:\/\/bistrocafetapas.pl\/sklep\/wp-json\/wp\/v2\/pages"}],"about":[{"href":"https:\/\/bistrocafetapas.pl\/sklep\/wp-json\/wp\/v2\/types\/page"}],"author":[{"embeddable":true,"href":"https:\/\/bistrocafetapas.pl\/sklep\/wp-json\/wp\/v2\/users\/1"}],"replies":[{"embeddable":true,"href":"https:\/\/bistrocafetapas.pl\/sklep\/wp-json\/wp\/v2\/comments?post=316"}],"version-history":[{"count":2,"href":"https:\/\/bistrocafetapas.pl\/sklep\/wp-json\/wp\/v2\/pages\/316\/revisions"}],"predecessor-version":[{"id":542,"href":"https:\/\/bistrocafetapas.pl\/sklep\/wp-json\/wp\/v2\/pages\/316\/revisions\/542"}],"wp:attachment":[{"href":"https:\/\/bistrocafetapas.pl\/sklep\/wp-json\/wp\/v2\/media?parent=316"}],"curies":[{"name":"wp","href":"https:\/\/api.w.org\/{rel}","templated":true}]}}