{"id":613,"date":"2020-11-08T16:50:36","date_gmt":"2020-11-08T15:50:36","guid":{"rendered":"https:\/\/bistrocafetapas.pl\/sklep\/?post_type=product&#038;p=613"},"modified":"2026-03-19T14:33:10","modified_gmt":"2026-03-19T13:33:10","slug":"mieso-na-rolady","status":"publish","type":"product","link":"https:\/\/bistrocafetapas.pl\/sklep\/produkt\/mieso-na-rolady\/","title":{"rendered":"Mi\u0119so <br> na rolady"},"content":{"rendered":"","protected":false},"excerpt":{"rendered":"<p><strong>Co to takiego?<\/strong><br \/>\nPoci\u0119te mi\u0119so wo\u0142owe na rolady.<\/p>\n<p><strong>Sk\u0142adniki:<\/strong><br \/>\nmi\u0119so wo\u0142owe 100%<\/p>\n<p><strong>Idealny na?<\/strong><br \/>\nMi\u0119so idealnie nadaje si\u0119 na tradycyjne, polskie rolady.<\/p>\n","protected":false},"featured_media":614,"comment_status":"closed","ping_status":"closed","template":"","meta":[],"_links":{"self":[{"href":"https:\/\/bistrocafetapas.pl\/sklep\/wp-json\/wp\/v2\/product\/613"}],"collection":[{"href":"https:\/\/bistrocafetapas.pl\/sklep\/wp-json\/wp\/v2\/product"}],"about":[{"href":"https:\/\/bistrocafetapas.pl\/sklep\/wp-json\/wp\/v2\/types\/product"}],"replies":[{"embeddable":true,"href":"https:\/\/bistrocafetapas.pl\/sklep\/wp-json\/wp\/v2\/comments?post=613"}],"wp:featuredmedia":[{"embeddable":true,"href":"https:\/\/bistrocafetapas.pl\/sklep\/wp-json\/wp\/v2\/media\/614"}],"wp:attachment":[{"href":"https:\/\/bistrocafetapas.pl\/sklep\/wp-json\/wp\/v2\/media?parent=613"}],"curies":[{"name":"wp","href":"https:\/\/api.w.org\/{rel}","templated":true}]}}